{"id":481,"date":"2025-03-28T11:00:37","date_gmt":"2025-03-28T11:00:37","guid":{"rendered":"https:\/\/cropestudio.com\/?page_id=481"},"modified":"2025-05-26T17:29:37","modified_gmt":"2025-05-26T17:29:37","slug":"politica-de-cookies","status":"publish","type":"page","link":"https:\/\/cropestudio.com\/en\/politica-de-cookies\/","title":{"rendered":"COOKIE POLICY"},"content":{"rendered":"<h2 class=\"wp-block-heading\">COOKIE POLICY<\/h2>\n\n\n\n<hr class=\"wp-block-separator has-alpha-channel-opacity\"\/>\n\n\n\n<h3 class=\"wp-block-heading\">Use of Cookies<\/h3>\n\n\n\n<p>This website, <strong>cropestudio.com<\/strong>, uses its own and third-party cookies for technical and analytical purposes, as well as to improve the user experience. By browsing this website, you are deemed to accept the use of cookies unless you configure your browser to reject them.<\/p>\n\n\n\n<h3 class=\"wp-block-heading\">What Are Cookies?<\/h3>\n\n\n\n<p>Cookies are small text files that are stored on your device when you visit a website. They are used to remember information about your visit, such as your preferred language or the products you added to a shopping cart. Some cookies are necessary for the website to function properly.<\/p>\n\n\n\n<p><\/p>\n\n\n\n<h3 class=\"wp-block-heading\">Types of Cookies Used<\/h3>\n\n\n\n<p>- Technical cookies: necessary for the basic operation of the website (first-party, session cookies).<br>- Analytical cookies (_ga, _gid): used to analyze browsing behavior and improve the website (Google Analytics, duration from 1 day to 2 years).<br>- Consent cookies (_cookie_notice_accepted): store whether the user has accepted cookies (1 month).<\/p>\n\n\n\n<h3 class=\"wp-block-heading\">Third-Party Cookies<\/h3>\n\n\n\n<p>This website may include embedded content from third parties (for example, videos from Vimeo or YouTube), which may set their own cookies. We have no control over these cookies. Please refer to their respective policies for more information.<\/p>\n\n\n\n<h3 class=\"wp-block-heading\">Managing Cookies in Your Browser<\/h3>\n\n\n\n<p>You can allow, block or delete cookies installed on your device through your browser settings:<br><br>&#8211; Google Chrome: https:\/\/support.google.com\/chrome\/answer\/95647?hl=es<br>&#8211; Mozilla Firefox: https:\/\/support.mozilla.org\/es\/kb\/Borrar%20cookies<br>&#8211; Safari: https:\/\/support.apple.com\/es-es\/guide\/safari\/sfri11471\/mac<br>&#8211; Microsoft Edge: https:\/\/support.microsoft.com\/es-es\/microsoft-edge\/eliminar-cookies-en-microsoft-edge<\/p>\n\n\n\n<h3 class=\"wp-block-heading\">Consent<\/h3>\n\n\n\n<p>By continuing to browse this website, or by clicking the \u201cAccept cookies\u201d button, the user consents to the use of cookies under the terms described above. You may change or withdraw your consent at any time.<\/p>\n\n\n\n<p><\/p>","protected":false},"excerpt":{"rendered":"<p>POL\u00cdTICA DE COOKIES Uso de cookies Este sitio web, cropestudio.com, utiliza cookies propias y de terceros con fines t\u00e9cnicos, anal\u00edticos y de mejora de la experiencia del usuario. Al navegar&#8230;<\/p>","protected":false},"author":1,"featured_media":0,"parent":0,"menu_order":0,"comment_status":"closed","ping_status":"closed","template":"","meta":{"footnotes":""},"class_list":["post-481","page","type-page","status-publish"],"_links":{"self":[{"href":"https:\/\/cropestudio.com\/en\/wp-json\/wp\/v2\/pages\/481","targetHints":{"allow":["GET"]}}],"collection":[{"href":"https:\/\/cropestudio.com\/en\/wp-json\/wp\/v2\/pages"}],"about":[{"href":"https:\/\/cropestudio.com\/en\/wp-json\/wp\/v2\/types\/page"}],"author":[{"embeddable":true,"href":"https:\/\/cropestudio.com\/en\/wp-json\/wp\/v2\/users\/1"}],"replies":[{"embeddable":true,"href":"https:\/\/cropestudio.com\/en\/wp-json\/wp\/v2\/comments?post=481"}],"version-history":[{"count":5,"href":"https:\/\/cropestudio.com\/en\/wp-json\/wp\/v2\/pages\/481\/revisions"}],"predecessor-version":[{"id":908,"href":"https:\/\/cropestudio.com\/en\/wp-json\/wp\/v2\/pages\/481\/revisions\/908"}],"wp:attachment":[{"href":"https:\/\/cropestudio.com\/en\/wp-json\/wp\/v2\/media?parent=481"}],"curies":[{"name":"wp","href":"https:\/\/api.w.org\/{rel}","templated":true}]}}