{"id":448,"date":"2025-03-28T10:32:13","date_gmt":"2025-03-28T10:32:13","guid":{"rendered":"https:\/\/cropestudio.com\/?page_id=448"},"modified":"2025-05-28T23:06:42","modified_gmt":"2025-05-28T23:06:42","slug":"nosotros","status":"publish","type":"page","link":"https:\/\/cropestudio.com\/en\/nosotros\/","title":{"rendered":"ABOUT US"},"content":{"rendered":"<div id=\"fws_69e36b20324d4\"  data-column-margin=\"default\" data-midnight=\"light\" data-top-percent=\"8%\"  class=\"wpb_row vc_row-fluid vc_row full-width-content vc_row-o-equal-height vc_row-flex vc_row-o-content-top  right_padding_0px left_padding_0px\"  style=\"padding-top: calc(100vw * 0.08); padding-bottom: 0px; \"><div class=\"row-bg-wrap\" data-bg-animation=\"none\" data-bg-animation-delay=\"\" data-bg-overlay=\"false\"><div class=\"inner-wrap row-bg-layer\" ><div class=\"row-bg viewport-desktop\"  style=\"\"><\/div><\/div><\/div><div class=\"row_col_wrap_12 col span_12 light left\">\n\t<div  class=\"vc_col-sm-3 wpb_column column_container vc_column_container col padding-3-percent inherit_tablet inherit_phone\"  data-padding-pos=\"right\" data-has-bg-color=\"false\" data-bg-color=\"\" data-bg-opacity=\"1\" data-animation=\"\" data-delay=\"0\" >\n\t\t<div class=\"vc_column-inner\" >\n\t\t\t<div class=\"wpb_wrapper\">\n\t\t\t\t\n\t\t\t<\/div> \n\t\t<\/div>\n\t<\/div> \n\n\t<div  class=\"vc_col-sm-6 wpb_column column_container vc_column_container col centered-text no-extra-padding inherit_tablet inherit_phone\"  data-padding-pos=\"left-right\" data-has-bg-color=\"false\" data-bg-color=\"\" data-bg-opacity=\"1\" data-animation=\"\" data-delay=\"0\" >\n\t\t<div class=\"vc_column-inner\" >\n\t\t\t<div class=\"wpb_wrapper\">\n\t\t\t\t<div class=\"nectar-responsive-text nectar-link-underline-effect\" style=\"color: #f8009f;\"><h5>US<\/h5>\n<\/div>\n<div class=\"wpb_text_column wpb_content_element\" >\n\t<div class=\"wpb_wrapper\">\n\t\t<h1>WHO WE ARE<\/h1>\n\t<\/div>\n<\/div>\n\n\n\n<div id=\"fws_69e36b2032a0f\" data-midnight=\"\" data-column-margin=\"default\" class=\"wpb_row vc_row-fluid vc_row inner_row\"  style=\"\"><div class=\"row-bg-wrap\"> <div class=\"row-bg\" ><\/div> <\/div><div class=\"row_col_wrap_12_inner col span_12  left\">\n\t<div  class=\"vc_col-sm-12 wpb_column column_container vc_column_container col child_column no-extra-padding inherit_tablet inherit_phone\"   data-padding-pos=\"all\" data-has-bg-color=\"false\" data-bg-color=\"\" data-bg-opacity=\"1\" data-animation=\"\" data-delay=\"0\" >\n\t\t<div class=\"vc_column-inner\" >\n\t\t<div class=\"wpb_wrapper\">\n\t\t\t\n<div class=\"wpb_text_column wpb_content_element\" >\n\t<div class=\"wpb_wrapper\">\n\t\t<p>We are Vicente and Ernesto, a duo of editors who, together with Malva as assistant editor, form CROP ESTUDIO.<\/p>\n<p><span style=\"font-weight: 400;\">Somos expertos en la edici\u00f3n tanto de largometrajes como de series de televisi\u00f3n<\/span> We specialize in editing both feature films and television series, combining decades of experience to offer a comprehensive, high-quality service. Whether working from our studio\u2014equipped with a dedicated editing suite for direct client collaboration\u2014or remotely, we use online tools such as LucidLink, Frame.io and Louper.io to ensure a smooth and efficient workflow.<\/p>\n\t<\/div>\n<\/div>\n\n\n\n\n\t\t<\/div> \n\t<\/div>\n\t<\/div> \n<\/div><\/div>\n\t\t\t<\/div> \n\t\t<\/div>\n\t<\/div> \n\n\t<div  class=\"vc_col-sm-3 wpb_column column_container vc_column_container col no-extra-padding inherit_tablet inherit_phone\"  data-padding-pos=\"all\" data-has-bg-color=\"false\" data-bg-color=\"\" data-bg-opacity=\"1\" data-animation=\"\" data-delay=\"0\" >\n\t\t<div class=\"vc_column-inner\" >\n\t\t\t<div class=\"wpb_wrapper\">\n\t\t\t\t\n\t\t\t<\/div> \n\t\t<\/div>\n\t<\/div> \n<\/div><\/div>\n\t\t<div id=\"fws_69e36b2032d90\"  data-column-margin=\"default\" data-midnight=\"light\" data-top-percent=\"5%\"  class=\"wpb_row vc_row-fluid vc_row\"  style=\"padding-top: calc(100vw * 0.05); padding-bottom: 0px; \"><div class=\"row-bg-wrap\" data-bg-animation=\"none\" data-bg-animation-delay=\"\" data-bg-overlay=\"false\"><div class=\"inner-wrap row-bg-layer\" ><div class=\"row-bg viewport-desktop\"  style=\"\"><\/div><\/div><\/div><div class=\"row_col_wrap_12 col span_12 light left\">\n\t<div  class=\"vc_col-sm-6 wpb_column column_container vc_column_container col no-extra-padding inherit_tablet inherit_phone\"  data-padding-pos=\"all\" data-has-bg-color=\"false\" data-bg-color=\"\" data-bg-opacity=\"1\" data-animation=\"\" data-delay=\"0\" >\n\t\t<div class=\"vc_column-inner\" >\n\t\t\t<div class=\"wpb_wrapper\">\n\t\t\t\t<div class=\"team-member\" data-style=\"bio_fullscreen\"><div class=\"team-member-image\"><div class=\"team-member-image-inner\"><img loading=\"lazy\" decoding=\"async\" src=\"https:\/\/cropestudio.com\/wp-content\/uploads\/2025\/05\/Foto-Ernesto-500x500.png\" width=\"500\" height=\"500\" alt=\"\" \/><\/div><\/div><div class=\"team-member-overlay\"><\/div>\n    <div class=\"team-meta\"><h3>Ernesto Arnal<\/h3><p>Freelance Director &amp; Editor<\/p><div class=\"arrow-end fa fa-angle-right\"><\/div><div class=\"arrow-line\"><\/div><\/div>\n    <div class=\"nectar_team_bio_img\" data-img-src=\"https:\/\/cropestudio.com\/wp-content\/uploads\/2025\/05\/Video-para-bio-Ernest.gif\"><\/div>\n    <div class=\"nectar_team_bio\"><p>Como buen ni\u00f1o de los 80, crec\u00ed entre pel\u00edculas, cintas VHS y tardes de cine que despertaron mi fascinaci\u00f3n por contar historias. Soy Ernesto Arnal Rodr\u00edguez, montador, formado en t\u00e9cnicas audiovisuales y con un m\u00e1ster en montaje por la ESCAC.<\/p>\n<p>Con m\u00e1s de una d\u00e9cada de experiencia, he trabajado en cine, series, televisi\u00f3n y publicidad, tanto en Espa\u00f1a como en M\u00e9xico, colaborando en producciones para plataformas como Netflix y Amazon.<\/p>\n<p>Varias veces nominado a Mejor Montaje por la Academia del Audiovisual de Valencia, afronto cada proyecto con sensibilidad, precisi\u00f3n y la pasi\u00f3n de quien sabe que cada historia merece ser contada con alma.<\/p>\n<div class=\"bottom_meta\"><a href=\"mailto:info@cropestudio.com\" target=\"_blank\"><i class=\"icon-default-style fa fa-envelope\"><\/i><\/a><a href=\"https:\/\/www.imdb.com\/es-es\/name\/nm8000288\/?ref_=ext_shr_lnk\" target=\"_blank\" rel=\"noopener\"><i class=\"icon-default-style fa fa-imdb\"><\/i><\/a><a href=\"https:\/\/www.linkedin.com\/in\/ernesto-arnal-6a493171\/\" target=\"_blank\" rel=\"noopener\"><i class=\"icon-default-style fa fa-linkedin-square\"><\/i><\/a><\/div><\/div>\n    <\/div>\n\t\t\t<\/div> \n\t\t<\/div>\n\t<\/div> \n\n\t<div  class=\"vc_col-sm-6 wpb_column column_container vc_column_container col no-extra-padding inherit_tablet inherit_phone\"  data-padding-pos=\"all\" data-has-bg-color=\"false\" data-bg-color=\"\" data-bg-opacity=\"1\" data-animation=\"\" data-delay=\"0\" >\n\t\t<div class=\"vc_column-inner\" >\n\t\t\t<div class=\"wpb_wrapper\">\n\t\t\t\t<div class=\"team-member\" data-style=\"bio_fullscreen\"><div class=\"team-member-image\"><div class=\"team-member-image-inner\"><img loading=\"lazy\" decoding=\"async\" src=\"https:\/\/cropestudio.com\/wp-content\/uploads\/2025\/05\/Foto-Vicente-500x500.png\" width=\"500\" height=\"500\" alt=\"\" \/><\/div><\/div><div class=\"team-member-overlay\"><\/div>\n    <div class=\"team-meta\"><h3>Vicente Ib\u00e1\u00f1ez<\/h3><p>Montador Cine y Tv. Editor. Grafista.<\/p><div class=\"arrow-end fa fa-angle-right\"><\/div><div class=\"arrow-line\"><\/div><\/div>\n    <div class=\"nectar_team_bio_img\" data-img-src=\"https:\/\/cropestudio.com\/wp-content\/uploads\/2025\/05\/Video-para-bio-Vicente_03.gif\"><\/div>\n    <div class=\"nectar_team_bio\"><p data-start=\"206\" data-end=\"400\">Crec\u00ed entre cables, cintas y mesas de edici\u00f3n. Desde entonces, lo m\u00edo ha sido contar historias con im\u00e1genes. Llevo m\u00e1s de 25 a\u00f1os montando pel\u00edculas, series, anuncios y todo tipo de proyectos.<\/p>\n<p data-start=\"406\" data-end=\"578\">Me gusta encontrar el ritmo, el tono y la emoci\u00f3n justa para cada historia. Disfruto del proceso, del trabajo en equipo y de esos momentos m\u00e1gicos en los que todo encaja.<\/p>\n<p data-start=\"584\" data-end=\"731\">Dicen que soy perfeccionista, y seguramente es verdad. Pero sobre todo soy alguien que se implica y que se toma cada proyecto como algo personal.<\/p>\n<p data-start=\"737\" data-end=\"850\">Formo parte de AACCE, AMAE y AVAV, y aunque suene serio, sigo creyendo que lo mejor del montaje es disfrutarlo.<\/p>\n<p data-start=\"856\" data-end=\"935\"><strong data-start=\"856\" data-end=\"935\">Podr\u00eda dejar de montar, pero\u2026 \u00bfqu\u00e9 har\u00eda yo viviendo en un plano secuencia?<\/strong><\/p>\n<div class=\"bottom_meta\"><a href=\"mailto:info@cropestudio.com\" target=\"_blank\"><i class=\"icon-default-style fa fa-envelope\"><\/i><\/a><a href=\"https:\/\/www.imdb.com\/es-es\/name\/nm1457174\/?ref_=ext_shr_lnk\" target=\"_blank\" rel=\"noopener\"><i class=\"icon-default-style fa fa-imdb\"><\/i><\/a><a href=\"http:\/\/www.linkedin.com\/in\/vicenteiba\" target=\"_blank\" rel=\"noopener\"><i class=\"icon-default-style fa fa-linkedin-square\"><\/i><\/a><\/div><\/div>\n    <\/div>\n\t\t\t<\/div> \n\t\t<\/div>\n\t<\/div> \n<\/div><\/div>\n\t\t<div id=\"awards\"  data-column-margin=\"default\" data-midnight=\"light\" data-top-percent=\"5%\" data-bottom-percent=\"6%\"  class=\"wpb_row vc_row-fluid vc_row full-width-section  top_padding_tablet_5pct\"  style=\"padding-top: calc(100vw * 0.05); padding-bottom: calc(100vw * 0.06); \"><div class=\"row-bg-wrap\" data-bg-animation=\"none\" data-bg-animation-delay=\"\" data-bg-overlay=\"false\"><div class=\"inner-wrap row-bg-layer\" ><div class=\"row-bg viewport-desktop\"  style=\"\"><\/div><\/div><\/div><div class=\"row_col_wrap_12 col span_12 light left\">\n\t<div  class=\"vc_col-sm-12 wpb_column column_container vc_column_container col no-extra-padding el_spacing_20px inherit_tablet inherit_phone\"  data-padding-pos=\"all\" data-has-bg-color=\"false\" data-bg-color=\"\" data-bg-opacity=\"1\" data-animation=\"\" data-delay=\"0\" >\n\t\t<div class=\"vc_column-inner\" >\n\t\t\t<div class=\"wpb_wrapper\">\n\t\t\t\t<div id=\"fws_69e36b2033c85\" data-midnight=\"\" data-column-margin=\"default\" class=\"wpb_row vc_row-fluid vc_row inner_row\"  style=\"\"><div class=\"row-bg-wrap\"> <div class=\"row-bg\" ><\/div> <\/div><div class=\"row_col_wrap_12_inner col span_12  left\">\n\t<div  class=\"vc_col-sm-10 wpb_column column_container vc_column_container col child_column no-extra-padding inherit_tablet inherit_phone\"   data-padding-pos=\"all\" data-has-bg-color=\"false\" data-bg-color=\"\" data-bg-opacity=\"1\" data-animation=\"\" data-delay=\"0\" >\n\t\t<div class=\"vc_column-inner\" >\n\t\t<div class=\"wpb_wrapper\">\n\t\t\t\n<div class=\"wpb_text_column wpb_content_element\" >\n\t<div class=\"wpb_wrapper\">\n\t\t<h2>SOME OF OUR SERVICES<\/h2>\n\t<\/div>\n<\/div>\n\n\n\n\n<div class=\"wpb_text_column wpb_content_element\" >\n\t<div class=\"wpb_wrapper\">\n\t\t<p>Our workflows are designed to maximize quality and reduce delivery times, while maintaining clear and efficient communication with our clients.<\/p>\n\t<\/div>\n<\/div>\n\n\n\n\n\t\t<\/div> \n\t<\/div>\n\t<\/div> \n\n\t<div  class=\"vc_col-sm-2 wpb_column column_container vc_column_container col child_column no-extra-padding inherit_tablet inherit_phone\"   data-padding-pos=\"all\" data-has-bg-color=\"false\" data-bg-color=\"\" data-bg-opacity=\"1\" data-animation=\"\" data-delay=\"0\" >\n\t\t<div class=\"vc_column-inner\" >\n\t\t<div class=\"wpb_wrapper\">\n\t\t\t\n\t\t<\/div> \n\t<\/div>\n\t<\/div> \n<\/div><\/div><div id=\"fws_69e36b2033eff\" data-midnight=\"\" data-column-margin=\"none\" class=\"wpb_row vc_row-fluid vc_row inner_row\"  style=\"\"><div class=\"row-bg-wrap\"> <div class=\"row-bg\" ><\/div> <\/div><div class=\"row_col_wrap_12_inner col span_12  left\">\n\t<div  class=\"vc_col-sm-12 wpb_column column_container vc_column_container col child_column no-extra-padding inherit_tablet inherit_phone\"   data-padding-pos=\"all\" data-has-bg-color=\"false\" data-bg-color=\"\" data-bg-opacity=\"1\" data-animation=\"\" data-delay=\"0\" >\n\t\t<div class=\"vc_column-inner\" >\n\t\t<div class=\"wpb_wrapper\">\n\t\t\t<div class=\"nectar-hor-list-item   has_border_animation nectar-waypoint-el border_color_ffffff\" data-hover-effect=\"none\" data-br=\"0px\" data-font-family=\"p\" data-color=\"accent-color\" data-columns=\"1\" data-column-layout=\"default\"><div class=\"nectar-list-item\" data-icon=\"false\" data-text-align=\"left\"><h3>Footage ingest and proxy generation.<\/h3><\/div><\/div>\n\t\t<\/div> \n\t<\/div>\n\t<\/div> \n<\/div><\/div><div id=\"fws_69e36b20340cb\" data-midnight=\"\" data-column-margin=\"none\" class=\"wpb_row vc_row-fluid vc_row inner_row\"  style=\"\"><div class=\"row-bg-wrap\"> <div class=\"row-bg\" ><\/div> <\/div><div class=\"row_col_wrap_12_inner col span_12  left\">\n\t<div  class=\"vc_col-sm-12 wpb_column column_container vc_column_container col child_column no-extra-padding inherit_tablet inherit_phone\"   data-padding-pos=\"all\" data-has-bg-color=\"false\" data-bg-color=\"\" data-bg-opacity=\"1\" data-animation=\"\" data-delay=\"0\" >\n\t\t<div class=\"vc_column-inner\" >\n\t\t<div class=\"wpb_wrapper\">\n\t\t\t<div class=\"nectar-hor-list-item   has_border_animation nectar-waypoint-el border_color_ffffff\" data-hover-effect=\"none\" data-br=\"0px\" data-font-family=\"p\" data-color=\"accent-color\" data-columns=\"1\" data-column-layout=\"default\"><div class=\"nectar-list-item\" data-icon=\"false\" data-text-align=\"left\"><h3>Advanced audio and video synchronization.<\/h3><\/div><\/div>\n\t\t<\/div> \n\t<\/div>\n\t<\/div> \n<\/div><\/div><div id=\"fws_69e36b2034221\" data-midnight=\"\" data-column-margin=\"none\" class=\"wpb_row vc_row-fluid vc_row inner_row\"  style=\"\"><div class=\"row-bg-wrap\"> <div class=\"row-bg\" ><\/div> <\/div><div class=\"row_col_wrap_12_inner col span_12  left\">\n\t<div  class=\"vc_col-sm-12 wpb_column column_container vc_column_container col child_column no-extra-padding inherit_tablet inherit_phone\"   data-padding-pos=\"all\" data-has-bg-color=\"false\" data-bg-color=\"\" data-bg-opacity=\"1\" data-animation=\"\" data-delay=\"0\" >\n\t\t<div class=\"vc_column-inner\" >\n\t\t<div class=\"wpb_wrapper\">\n\t\t\t<div class=\"nectar-hor-list-item   has_border_animation nectar-waypoint-el border_color_ffffff\" data-hover-effect=\"none\" data-br=\"0px\" data-font-family=\"p\" data-color=\"accent-color\" data-columns=\"1\" data-column-layout=\"default\"><div class=\"nectar-list-item\" data-icon=\"false\" data-text-align=\"left\"><h3>Offline and online editing.<\/h3><\/div><\/div>\n\t\t<\/div> \n\t<\/div>\n\t<\/div> \n<\/div><\/div><div id=\"fws_69e36b2034363\" data-midnight=\"\" data-column-margin=\"none\" class=\"wpb_row vc_row-fluid vc_row inner_row\"  style=\"\"><div class=\"row-bg-wrap\"> <div class=\"row-bg\" ><\/div> <\/div><div class=\"row_col_wrap_12_inner col span_12  left\">\n\t<div  class=\"vc_col-sm-12 wpb_column column_container vc_column_container col child_column no-extra-padding inherit_tablet inherit_phone\"   data-padding-pos=\"all\" data-has-bg-color=\"false\" data-bg-color=\"\" data-bg-opacity=\"1\" data-animation=\"\" data-delay=\"0\" >\n\t\t<div class=\"vc_column-inner\" >\n\t\t<div class=\"wpb_wrapper\">\n\t\t\t<div class=\"nectar-hor-list-item   has_border_animation nectar-waypoint-el border_color_ffffff\" data-hover-effect=\"none\" data-br=\"0px\" data-font-family=\"p\" data-color=\"accent-color\" data-columns=\"1\" data-column-layout=\"default\"><div class=\"nectar-list-item\" data-icon=\"false\" data-text-align=\"left\"><h3>Remote review using Frame.io and Louper.io.<\/h3><\/div><\/div>\n\t\t<\/div> \n\t<\/div>\n\t<\/div> \n<\/div><\/div><div id=\"fws_69e36b20344c5\" data-midnight=\"\" data-column-margin=\"none\" class=\"wpb_row vc_row-fluid vc_row inner_row\"  style=\"\"><div class=\"row-bg-wrap\"> <div class=\"row-bg\" ><\/div> <\/div><div class=\"row_col_wrap_12_inner col span_12  left\">\n\t<div  class=\"vc_col-sm-12 wpb_column column_container vc_column_container col child_column no-extra-padding inherit_tablet inherit_phone\"   data-padding-pos=\"all\" data-has-bg-color=\"false\" data-bg-color=\"\" data-bg-opacity=\"1\" data-animation=\"\" data-delay=\"0\" >\n\t\t<div class=\"vc_column-inner\" >\n\t\t<div class=\"wpb_wrapper\">\n\t\t\t<div class=\"nectar-hor-list-item   has_border_animation nectar-waypoint-el border_color_ffffff\" data-hover-effect=\"none\" data-br=\"0px\" data-font-family=\"p\" data-color=\"accent-color\" data-columns=\"1\" data-column-layout=\"default\"><div class=\"nectar-list-item\" data-icon=\"false\" data-text-align=\"left\"><h3>Online processing with LucidLink for fast, shared access to media.<\/h3><\/div><\/div>\n\t\t<\/div> \n\t<\/div>\n\t<\/div> \n<\/div><\/div><div id=\"fws_69e36b2034607\" data-midnight=\"\" data-column-margin=\"none\" class=\"wpb_row vc_row-fluid vc_row inner_row\"  style=\"\"><div class=\"row-bg-wrap\"> <div class=\"row-bg\" ><\/div> <\/div><div class=\"row_col_wrap_12_inner col span_12  left\">\n\t<div  class=\"vc_col-sm-12 wpb_column column_container vc_column_container col child_column no-extra-padding inherit_tablet inherit_phone\"   data-padding-pos=\"all\" data-has-bg-color=\"false\" data-bg-color=\"\" data-bg-opacity=\"1\" data-animation=\"\" data-delay=\"0\" >\n\t\t<div class=\"vc_column-inner\" >\n\t\t<div class=\"wpb_wrapper\">\n\t\t\t<div class=\"nectar-hor-list-item   has_border_animation nectar-waypoint-el border_color_ffffff\" data-hover-effect=\"none\" data-br=\"0px\" data-font-family=\"p\" data-color=\"accent-color\" data-columns=\"1\" data-column-layout=\"default\"><div class=\"nectar-list-item\" data-icon=\"false\" data-text-align=\"left\"><h3>Finishing with AI-assisted optimization using tools such as Topaz Labs and GetJumper.io.<\/h3><\/div><\/div>\n\t\t<\/div> \n\t<\/div>\n\t<\/div> \n<\/div><\/div><div id=\"fws_69e36b2034748\" data-midnight=\"\" data-column-margin=\"none\" class=\"wpb_row vc_row-fluid vc_row inner_row\"  style=\"\"><div class=\"row-bg-wrap\"> <div class=\"row-bg\" ><\/div> <\/div><div class=\"row_col_wrap_12_inner col span_12  left\">\n\t<div  class=\"vc_col-sm-12 wpb_column column_container vc_column_container col child_column no-extra-padding inherit_tablet inherit_phone\"   data-padding-pos=\"all\" data-has-bg-color=\"false\" data-bg-color=\"\" data-bg-opacity=\"1\" data-animation=\"\" data-delay=\"0\" >\n\t\t<div class=\"vc_column-inner\" >\n\t\t<div class=\"wpb_wrapper\">\n\t\t\t<div class=\"nectar-hor-list-item   has_border_animation nectar-waypoint-el border_color_ffffff\" data-hover-effect=\"none\" data-br=\"0px\" data-font-family=\"p\" data-color=\"accent-color\" data-columns=\"1\" data-column-layout=\"default\"><div class=\"nectar-list-item\" data-icon=\"false\" data-text-align=\"left\"><h3>Conform and DCP creation.<\/h3><\/div><\/div>\n\t\t<\/div> \n\t<\/div>\n\t<\/div> \n<\/div><\/div><div id=\"fws_69e36b20348a2\" data-midnight=\"\" data-column-margin=\"none\" class=\"wpb_row vc_row-fluid vc_row inner_row\"  style=\"\"><div class=\"row-bg-wrap\"> <div class=\"row-bg\" ><\/div> <\/div><div class=\"row_col_wrap_12_inner col span_12  left\">\n\t<div  class=\"vc_col-sm-12 wpb_column column_container vc_column_container col child_column no-extra-padding inherit_tablet inherit_phone\"   data-padding-pos=\"all\" data-has-bg-color=\"false\" data-bg-color=\"\" data-bg-opacity=\"1\" data-animation=\"\" data-delay=\"0\" >\n\t\t<div class=\"vc_column-inner\" >\n\t\t<div class=\"wpb_wrapper\">\n\t\t\t<div class=\"nectar-hor-list-item   has_border_animation nectar-waypoint-el border_color_ffffff\" data-hover-effect=\"none\" data-br=\"0px\" data-font-family=\"p\" data-color=\"accent-color\" data-columns=\"1\" data-column-layout=\"default\"><div class=\"nectar-list-item\" data-icon=\"false\" data-text-align=\"left\"><h3>Post-production coordination.<\/h3><\/div><\/div>\n\t\t<\/div> \n\t<\/div>\n\t<\/div> \n<\/div><\/div>\n\t\t\t<\/div> \n\t\t<\/div>\n\t<\/div> \n<\/div><\/div>","protected":false},"excerpt":{"rendered":"US Qui\u00e9nes Somos Somos Vicente y Ernesto, una dupla de editores que junto con Malva en asistencia formamos CROP ESTUDIO. Somos expertos en la edici\u00f3n tanto de largometrajes como de...","protected":false},"author":1,"featured_media":0,"parent":0,"menu_order":0,"comment_status":"closed","ping_status":"closed","template":"","meta":{"footnotes":""},"class_list":["post-448","page","type-page","status-publish"],"_links":{"self":[{"href":"https:\/\/cropestudio.com\/en\/wp-json\/wp\/v2\/pages\/448","targetHints":{"allow":["GET"]}}],"collection":[{"href":"https:\/\/cropestudio.com\/en\/wp-json\/wp\/v2\/pages"}],"about":[{"href":"https:\/\/cropestudio.com\/en\/wp-json\/wp\/v2\/types\/page"}],"author":[{"embeddable":true,"href":"https:\/\/cropestudio.com\/en\/wp-json\/wp\/v2\/users\/1"}],"replies":[{"embeddable":true,"href":"https:\/\/cropestudio.com\/en\/wp-json\/wp\/v2\/comments?post=448"}],"version-history":[{"count":29,"href":"https:\/\/cropestudio.com\/en\/wp-json\/wp\/v2\/pages\/448\/revisions"}],"predecessor-version":[{"id":973,"href":"https:\/\/cropestudio.com\/en\/wp-json\/wp\/v2\/pages\/448\/revisions\/973"}],"wp:attachment":[{"href":"https:\/\/cropestudio.com\/en\/wp-json\/wp\/v2\/media?parent=448"}],"curies":[{"name":"wp","href":"https:\/\/api.w.org\/{rel}","templated":true}]}}